{"id":5209,"date":"2023-08-08T19:04:10","date_gmt":"2023-08-08T18:04:10","guid":{"rendered":"https:\/\/bay-sec.de\/de\/?page_id=5209"},"modified":"2024-06-26T08:55:05","modified_gmt":"2024-06-26T07:55:05","slug":"referenzen","status":"publish","type":"page","link":"https:\/\/bay-sec.de\/dach\/referenzen\/","title":{"rendered":"Projekte und Referenzen"},"content":{"rendered":"<div  data-label=\"Portfolio\" data-id=\"portfolio--2\" data-export-id=\"portfolio-3\" data-category=\"portfolio\" class=\"portfolio-3 content-section content-section-spacing content-relative\" id=\"portfolio-2\" style=\"background-color: rgb(236, 245, 248); background-image: none;\" data-section-ov=\"1\"><div  class=\"gridContainer\"> <div  class=\"row text-center\"><div  class=\"section-title-col\" data-type=\"column\">  <\/div> <\/div> <div  class=\"row spaced-cols space-bottom\" data-type=\"row\"> <div  class=\"col-xs-12 col-sm-4 text-center\"> <div  class=\"card no-padding bottom-border-color1 no-shadow\"> <div  data-hover-fx=\"portfolio-3\" class=\"contentswap-effect\"> <div  class=\"initial-image\"> <img  decoding=\"async\" data-size=\"500x333\" src=\"https:\/\/bay-sec.de\/dach\/wp-content\/uploads\/sites\/13\/2024\/05\/Screenshot_Watzmannspiel_lq.jpg\"><\/div> <div  class=\"overlay bg-color6\"><\/div> <div  class=\"swap-inner col-xs-12\"> <div  class=\"row full-height-row middle-xs middle-sm\"> <div  class=\"col-xs-12 text-center content-holder\"> <a class=\"button big color2\" href=\"https:\/\/bay-sec.de\/dach\/referenzen\/vorstellung-cyber-spiel-fuer-landkreis-traunstein\" target=\"_self\" data-cp-link=\"1\" data-icon=\"\" rel=\"noopener\">Mehr erfahren<\/a><\/div> <\/div><\/div> <\/div> <div  class=\"space-bottom space-top col-xs-12\" data-type=\"column\"> <h4  class=\"\">Cyber-Spiel f\u00fcr Landkreis Traunstein<\/h4> <p  class=\"\">Schluss mit langweiligen Trainings! Mit unserem interaktiven Spiel, geben wir dem Lernen neuen Schwung \u2013 bewertet mit 4,4 von 5 Sternen!<\/p><\/div> <\/div><\/div> <div  class=\"col-xs-12 col-sm-4 text-center\"><div  class=\"card no-padding bottom-border-color1 no-shadow\"> <div  data-hover-fx=\"portfolio-3\" class=\"contentswap-effect\"><div  class=\"initial-image\"> <img  decoding=\"async\" data-size=\"500x333\" src=\"https:\/\/bay-sec.de\/dach\/wp-content\/uploads\/sites\/13\/2024\/05\/cyber-4398478_1280.jpg\"><\/div> <div  class=\"overlay bg-color6\"><\/div> <div  class=\"swap-inner col-xs-12\"> <div  class=\"row full-height-row middle-xs middle-sm\"> <div  class=\"col-xs-12 text-center content-holder\"> <a class=\"button small color29\" href=\"#\" target=\"_self\" data-cp-link=\"1\" data-icon=\"\" rel=\"noopener\">Details vertraulich<\/a><\/div> <\/div><\/div> <\/div> <div  class=\"space-bottom space-top col-xs-12\" data-type=\"column\"> <h4  class=\"\">Audit Web-Filterung<\/h4> <p  class=\"\">Der Kunde wurde von uns bei der Verbesserung der Web-Filterung bzw. Web-Proxys unterst\u00fctzt.<\/p><\/div> <\/div><\/div> <div  class=\"col-xs-12 col-sm-4 text-center\"><div  class=\"card no-padding bottom-border-color1 no-shadow\"> <div  data-hover-fx=\"portfolio-3\" class=\"contentswap-effect\"><div  class=\"initial-image\"> <img  decoding=\"async\" data-size=\"500x333\" src=\"https:\/\/bay-sec.de\/dach\/wp-content\/uploads\/sites\/13\/2024\/05\/keyboard-453795_1280.jpg\"><\/div> <div  class=\"overlay bg-color6\"><\/div> <div  class=\"swap-inner col-xs-12\"> <div  class=\"row full-height-row middle-xs middle-sm\"> <div  class=\"col-xs-12 text-center content-holder\"> <a class=\"button small color29\" href=\"#\" target=\"_self\" data-cp-link=\"1\" data-icon=\"\" rel=\"noopener\">Details vertraulich<\/a><\/div> <\/div><\/div> <\/div> <div  class=\"space-bottom space-top col-xs-12\" data-type=\"column\"> <h4  class=\"\">Audit Windows Client<\/h4> <p  class=\"\">Wir haben mit den IT-Experten des Kunden zusammengearbeitet und unser Wissen eingebracht.<\/p><\/div> <\/div><\/div> <div  class=\"col-xs-12 col-sm-4 text-center\"> <div  class=\"card no-padding bottom-border-color1 no-shadow\"> <div  data-hover-fx=\"portfolio-3\" class=\"contentswap-effect\"> <div  class=\"initial-image\"> <img  decoding=\"async\" data-size=\"500x333\" src=\"https:\/\/bay-sec.de\/dach\/wp-content\/uploads\/sites\/13\/2024\/05\/engineer-4915799_1280.jpg\"><\/div> <div  class=\"overlay bg-color6\"><\/div> <div  class=\"swap-inner col-xs-12\"> <div  class=\"row full-height-row middle-xs middle-sm\"> <div  class=\"col-xs-12 text-center content-holder\"> <a class=\"button small color29\" href=\"#\" target=\"_self\" data-cp-link=\"1\" data-icon=\"\" rel=\"noopener\">Details vertraulich<\/a><\/div> <\/div><\/div> <\/div> <div  class=\"space-bottom space-top col-xs-12\" data-type=\"column\"> <h4  class=\"\">Audit Fachverfahren<\/h4> <p  class=\"\">Der Kunde hat ein neues Fachverfahren f\u00fcr die Kommunen bereitgestellt. Wir haben die Konfiguration gepr\u00fcft.<\/p><\/div> <\/div><\/div><div  class=\"col-xs-12 col-sm-4 text-center\"> <div  class=\"card no-padding bottom-border-color1 no-shadow\"> <div  data-hover-fx=\"portfolio-3\" class=\"contentswap-effect\"> <div  class=\"initial-image\"> <img  decoding=\"async\" data-size=\"500x333\" src=\"https:\/\/bay-sec.de\/dach\/wp-content\/uploads\/sites\/13\/2024\/05\/cropped-sky-6216336_1280.jpg\"><\/div> <div  class=\"overlay bg-color6\"><\/div> <div  class=\"swap-inner col-xs-12\"> <div  class=\"row full-height-row middle-xs middle-sm\"> <div  class=\"col-xs-12 text-center content-holder\"> <a class=\"button small color29\" href=\"#\" target=\"_self\" data-cp-link=\"1\" data-icon=\"\" rel=\"noopener\">Details vertraulich<\/a><\/div> <\/div><\/div> <\/div> <div  class=\"space-bottom space-top col-xs-12\" data-type=\"column\"> <h4  class=\"\">Unterst\u00fctzung DNS-Sicherheit<\/h4> <p  class=\"\">Wir haben den Kunden bei der Domain-Sicherheit beraten.<\/p><\/div> <\/div><\/div><div  class=\"col-xs-12 col-sm-4 text-center\"> <div  class=\"card no-padding bottom-border-color1 no-shadow\"> <div  data-hover-fx=\"portfolio-3\" class=\"contentswap-effect\"> <div  class=\"initial-image\"> <img  decoding=\"async\" data-size=\"500x333\" src=\"https:\/\/bay-sec.de\/dach\/wp-content\/uploads\/sites\/13\/2024\/05\/cropped-magnifier-5245329_1280.jpg\"><\/div> <div  class=\"overlay bg-color6\"><\/div> <div  class=\"swap-inner col-xs-12\"> <div  class=\"row full-height-row middle-xs middle-sm\"> <div  class=\"col-xs-12 text-center content-holder\"> <a class=\"button small color29\" href=\"#\" target=\"_self\" data-cp-link=\"1\" data-icon=\"\" rel=\"noopener\">Details vertraulich<\/a><\/div> <\/div><\/div> <\/div> <div  class=\"space-bottom space-top col-xs-12\" data-type=\"column\"> <h4  class=\"\">Datenleck-Analyse<\/h4> <p  class=\"\">Ein regionaler Kunde beauftragte nach Datenlecks zu suchen (z.B. im Darknet).<\/p><\/div> <\/div><\/div><div  class=\"col-xs-12 col-sm-4 text-center\"> <div  class=\"card no-padding bottom-border-color1 no-shadow\"> <div  data-hover-fx=\"portfolio-3\" class=\"contentswap-effect\"> <div  class=\"initial-image\"> <img  decoding=\"async\" data-size=\"500x333\" src=\"https:\/\/bay-sec.de\/dach\/wp-content\/uploads\/sites\/13\/2024\/05\/cropped-technology-1587673_1280.jpg\"><\/div> <div  class=\"overlay bg-color6\"><\/div> <div  class=\"swap-inner col-xs-12\"> <div  class=\"row full-height-row middle-xs middle-sm\"> <div  class=\"col-xs-12 text-center content-holder\"> <a class=\"button small color29\" href=\"#\" target=\"_self\" data-cp-link=\"1\" data-icon=\"\" rel=\"noopener\">Details vertraulich<\/a><\/div> <\/div><\/div> <\/div> <div  class=\"space-bottom space-top col-xs-12\" data-type=\"column\"> <h4  class=\"\">Terminal-Server Sicherheit<\/h4> <p  class=\"\">Der Kunde hat die Terminal-Infrastruktur neu aufgestellt und bat uns bei der Verbesserung der IT-Sicherheit zu unterst\u00fctzen.<\/p><\/div> <\/div><\/div><div  class=\"col-xs-12 col-sm-4 text-center\"> <div  class=\"card no-padding bottom-border-color1 no-shadow\"> <div  data-hover-fx=\"portfolio-3\" class=\"contentswap-effect\"> <div  class=\"initial-image\"> <img  decoding=\"async\" data-size=\"500x333\" src=\"https:\/\/bay-sec.de\/dach\/wp-content\/uploads\/sites\/13\/2024\/05\/cropped-code-1076536_1280.jpg\"><\/div> <div  class=\"overlay bg-color6\"><\/div> <div  class=\"swap-inner col-xs-12\"> <div  class=\"row full-height-row middle-xs middle-sm\"> <div  class=\"col-xs-12 text-center content-holder\"> <a class=\"button small color29\" href=\"#\" target=\"_self\" data-cp-link=\"1\" data-icon=\"\" rel=\"noopener\">Details vertraulich<\/a><\/div> <\/div><\/div> <\/div> <div  class=\"space-bottom space-top col-xs-12\" data-type=\"column\"> <h4  class=\"\">Pr\u00fcfung des Web-Auftritts<\/h4> <p  class=\"\">Der Kunde bat uns die \u00e4u\u00dfere Sicherheit bzw. Angriffsvektoren zu pr\u00fcfen.<\/p><\/div> <\/div><\/div><div  class=\"col-xs-12 col-sm-4 text-center\"> <div  class=\"card no-padding bottom-border-color1 no-shadow\"> <div  data-hover-fx=\"portfolio-3\" class=\"contentswap-effect\"> <div  class=\"initial-image\"> <img  decoding=\"async\" data-size=\"500x333\" src=\"https:\/\/bay-sec.de\/dach\/wp-content\/uploads\/sites\/13\/2024\/05\/cropped-board-3699939_1280.jpg\"><\/div> <div  class=\"overlay bg-color6\"><\/div> <div  class=\"swap-inner col-xs-12\"> <div  class=\"row full-height-row middle-xs middle-sm\"> <div  class=\"col-xs-12 text-center content-holder\"> <a class=\"button small color29\" href=\"#\" target=\"_self\" data-cp-link=\"1\" data-icon=\"\" rel=\"noopener\">Details vertraulich<\/a><\/div> <\/div><\/div> <\/div> <div  class=\"space-bottom space-top col-xs-12\" data-type=\"column\"> <h4  class=\"\">Schulung f\u00fcr ein e-Auto Startup<\/h4> <p  class=\"\">Ein Startup im Bereich der eMobilit\u00e4t wollte seine Mitarbeiter, insbesondere Entwickler geschult wissen.<\/p><\/div> <\/div><\/div><div  class=\"col-xs-12 col-sm-4 text-center\"> <div  class=\"card no-padding bottom-border-color1 no-shadow\"> <div  data-hover-fx=\"portfolio-3\" class=\"contentswap-effect\"> <div  class=\"initial-image\"> <img  decoding=\"async\" data-size=\"500x333\" src=\"https:\/\/bay-sec.de\/dach\/wp-content\/uploads\/sites\/13\/2024\/05\/cropped-Screenshot_EUSEC_lq.jpg\"><\/div> <div  class=\"overlay bg-color6\"><\/div> <div  class=\"swap-inner col-xs-12\"> <div  class=\"row full-height-row middle-xs middle-sm\"> <div  class=\"col-xs-12 text-center content-holder\"> <a class=\"button small color29\" href=\"#\" target=\"_self\" data-cp-link=\"1\" data-icon=\"\" rel=\"noopener\">Details vertraulich<\/a><\/div> <\/div><\/div> <\/div> <div  class=\"space-bottom space-top col-xs-12\" data-type=\"column\"> <h4  class=\"\">EUSEC IT-Sicherheitslandkarte<\/h4> <p  class=\"\">Einen Dienstleister zu finden kann ganz sch\u00f6n schwierig werden. Mit EUSEC haben wir eine Deutschland-weite Landkarte an Sicherheitsdienstleistern geschaffen.<\/p><\/div> <\/div><\/div><div  class=\"col-xs-12 col-sm-4 text-center\"> <div  class=\"card no-padding bottom-border-color1 no-shadow\"> <div  data-hover-fx=\"portfolio-3\" class=\"contentswap-effect\"> <div  class=\"initial-image\"> <img  decoding=\"async\" data-size=\"500x333\" src=\"https:\/\/bay-sec.de\/dach\/wp-content\/uploads\/sites\/13\/2023\/08\/cropped-Studie-Darknet-2023-BaySec.png\"><\/div> <div  class=\"overlay bg-color6\"><\/div> <div  class=\"swap-inner col-xs-12\"> <div  class=\"row full-height-row middle-xs middle-sm\"> <div  class=\"col-xs-12 text-center content-holder\"> <a class=\"button small color29\" href=\"#\" target=\"_self\" data-cp-link=\"1\" data-icon=\"\" rel=\"noopener\">Details vertraulich<\/a><\/div> <\/div><\/div> <\/div> <div  class=\"space-bottom space-top col-xs-12\" data-type=\"column\"> <h4  class=\"\">Darknet-Studie mit 26.000 Unternehmen<\/h4> <p  class=\"\">In unserer Forschungsarbeit haben wir Datenlecks deutscher Unternehmen untersucht, mit erschreckenden Ergebnissen.<\/p><\/div> <\/div><\/div><div  class=\"col-xs-12 col-sm-4 text-center\"> <div  class=\"card no-padding bottom-border-color1 no-shadow\"> <div  data-hover-fx=\"portfolio-3\" class=\"contentswap-effect\"> <div  class=\"initial-image\"> <img  decoding=\"async\" data-size=\"500x333\" src=\"https:\/\/bay-sec.de\/dach\/wp-content\/uploads\/sites\/13\/2021\/10\/cropped-cropped-cybersecurity-5642004-scaled-2.jpg\"><\/div> <div  class=\"overlay bg-color6\"><\/div> <div  class=\"swap-inner col-xs-12\"> <div  class=\"row full-height-row middle-xs middle-sm\"> <div  class=\"col-xs-12 text-center content-holder\"> <a class=\"button small color29\" href=\"#\" target=\"_self\" data-cp-link=\"1\" data-icon=\"\" rel=\"noopener\">Details vertraulich<\/a><\/div> <\/div><\/div> <\/div> <div  class=\"space-bottom space-top col-xs-12\" data-type=\"column\"> <h4  class=\"\">F\u00f6rderung durch Freistaat Bayern<\/h4> <p  class=\"\">Der Freistaat Bayern hat unser Projekt \u201cBotiguard\u201d finanziell gef\u00f6rdert.<\/p><\/div> <\/div><\/div><div  class=\"col-xs-12 col-sm-4 text-center\"> <div  class=\"card no-padding bottom-border-color1 no-shadow\"> <div  data-hover-fx=\"portfolio-3\" class=\"contentswap-effect\"> <div  class=\"initial-image\"> <img  decoding=\"async\" data-size=\"500x333\" src=\"https:\/\/bay-sec.de\/dach\/wp-content\/uploads\/sites\/13\/2021\/10\/cropped-cropped-cropped-cropped-security-4868172-scaled-1-1.jpg\"><\/div> <div  class=\"overlay bg-color6\"><\/div> <div  class=\"swap-inner col-xs-12\"> <div  class=\"row full-height-row middle-xs middle-sm\"> <div  class=\"col-xs-12 text-center content-holder\"> <a class=\"button small color29\" href=\"#\" target=\"_self\" data-cp-link=\"1\" data-icon=\"\" rel=\"noopener\">Details vertraulich<\/a><\/div> <\/div><\/div> <\/div> <div  class=\"space-bottom space-top col-xs-12\" data-type=\"column\"> <h4  class=\"\">Domain-Studie<\/h4> <p  class=\"\">Wir haben von mehreren tausenden Internetauftritten die Domain Sicherheit \u00fcberpr\u00fcft (z.B. SPF, DKIM, DMARC u.w.).<\/p><\/div> <\/div><\/div><div  class=\"col-xs-12 col-sm-4 text-center\"> <div  class=\"card no-padding bottom-border-color1 no-shadow\"> <div  data-hover-fx=\"portfolio-3\" class=\"contentswap-effect\"> <div  class=\"initial-image\"> <img  decoding=\"async\" data-size=\"500x333\" src=\"https:\/\/bay-sec.de\/dach\/wp-content\/uploads\/sites\/13\/2023\/12\/cropped-Thumbnail_Linux_Ransomware_Forschungsarbeit.png\"><\/div> <div  class=\"overlay bg-color6\"><\/div> <div  class=\"swap-inner col-xs-12\"> <div  class=\"row full-height-row middle-xs middle-sm\"> <div  class=\"col-xs-12 text-center content-holder\"> <a class=\"button small color29\" href=\"#\" target=\"_self\" data-cp-link=\"1\" data-icon=\"\" rel=\"noopener\">Details vertraulich<\/a><\/div> <\/div><\/div> <\/div> <div  class=\"space-bottom space-top col-xs-12\" data-type=\"column\"> <h4  class=\"\">Forschungsarbeit Linux Ransomware<\/h4> <p  class=\"\">Unser Gesch\u00e4ftsf\u00fchrer hat an der Edinburgh Napier University an Linux Ransomware geforscht. Insbesondere wurde der Reifegrad als auch Potenz der Malware untersucht. Diese Forschungsarbeit ist in unserem Download Bereich \u00f6ffentlich einsehbar.<\/p><\/div> <\/div><\/div><div  class=\"col-xs-12 col-sm-4 text-center\"> <div  class=\"card no-padding bottom-border-color1 no-shadow\"> <div  data-hover-fx=\"portfolio-3\" class=\"contentswap-effect\"> <div  class=\"initial-image\"> <img  decoding=\"async\" data-size=\"500x333\" src=\"https:\/\/bay-sec.de\/dach\/wp-content\/uploads\/sites\/13\/2024\/05\/cropped-Ransomware_IoT_lq.jpg\"><\/div> <div  class=\"overlay bg-color6\"><\/div> <div  class=\"swap-inner col-xs-12\"> <div  class=\"row full-height-row middle-xs middle-sm\"> <div  class=\"col-xs-12 text-center content-holder\"> <a class=\"button small color29\" href=\"#\" target=\"_self\" data-cp-link=\"1\" data-icon=\"\" rel=\"noopener\">Details vertraulich<\/a><\/div> <\/div><\/div> <\/div> <div  class=\"space-bottom space-top col-xs-12\" data-type=\"column\"> <h4  class=\"\">Forschungsarbeit Internet of Things (IoT) Ransomware<\/h4> <p  class=\"\">Gemeinsam mit f\u00fchrenden Wissenschaftlern der Edinburg Napier University hat unser Gesch\u00e4ftsf\u00fchrer die Auswirkungen von Ransomware im Internet of Things (IoT) Bereich untersucht. Die Arbeit ist bei Arxiv \u00f6ffentlich einsehbar.<\/p><\/div> <\/div><\/div><div  class=\"col-xs-12 col-sm-4 text-center\"> <div  class=\"card no-padding bottom-border-color1 no-shadow\"> <div  data-hover-fx=\"portfolio-3\" class=\"contentswap-effect\"> <div  class=\"initial-image\"> <img  decoding=\"async\" data-size=\"500x333\" src=\"https:\/\/bay-sec.de\/dach\/wp-content\/uploads\/sites\/13\/2021\/10\/cropped-cropped-cybersecurity-5642004-scaled-2.jpg\"><\/div> <div  class=\"overlay bg-color6\"><\/div> <div  class=\"swap-inner col-xs-12\"> <div  class=\"row full-height-row middle-xs middle-sm\"> <div  class=\"col-xs-12 text-center content-holder\"> <a class=\"button small color29\" href=\"#\" target=\"_self\" data-cp-link=\"1\" data-icon=\"\" rel=\"noopener\">Details vertraulich<\/a><\/div> <\/div><\/div> <\/div> <div  class=\"space-bottom space-top col-xs-12\" data-type=\"column\"> <h4  class=\"\">Review von IT-Sicherheits- und Architekturkonzept<\/h4> <p  class=\"\">F\u00fcr ein Unternehmen mit digitalem Gesch\u00e4ftsmodell haben wir die IT-Sicherheitskonzepte \u00fcberpr\u00fcft und verbessert.<\/p><\/div> <\/div><\/div><div  class=\"col-xs-12 col-sm-4 text-center\"> <div  class=\"card no-padding bottom-border-color1 no-shadow\"> <div  data-hover-fx=\"portfolio-3\" class=\"contentswap-effect\"> <div  class=\"initial-image\"> <img  decoding=\"async\" data-size=\"500x333\" src=\"https:\/\/bay-sec.de\/dach\/wp-content\/uploads\/sites\/13\/2021\/10\/cropped-cropped-cropped-cropped-security-4868172-scaled-1-1.jpg\"><\/div> <div  class=\"overlay bg-color6\"><\/div> <div  class=\"swap-inner col-xs-12\"> <div  class=\"row full-height-row middle-xs middle-sm\"> <div  class=\"col-xs-12 text-center content-holder\"> <a class=\"button small color29\" href=\"#\" target=\"_self\" data-cp-link=\"1\" data-icon=\"\" rel=\"noopener\">Details vertraulich<\/a><\/div> <\/div><\/div> <\/div> <div  class=\"space-bottom space-top col-xs-12\" data-type=\"column\"> <h4  class=\"\">Cloud-Sicherheit<\/h4> <p  class=\"\">F\u00fcr einen Kunden haben wir die IT-Sicherheit der Cloud-Infrastruktur \u00fcberpr\u00fcft, bestehend aus Amazon AWS Lightsail und Docker Containerisierung.<\/p><\/div> <\/div><\/div><div  class=\"col-xs-12 col-sm-4 text-center\"> <div  class=\"card no-padding bottom-border-color1 no-shadow\"> <div  data-hover-fx=\"portfolio-3\" class=\"contentswap-effect\"> <div  class=\"initial-image\"> <img  decoding=\"async\" data-size=\"500x333\" src=\"https:\/\/bay-sec.de\/dach\/wp-content\/uploads\/sites\/13\/2024\/05\/cropped-board-3699939_1280.jpg\"><\/div> <div  class=\"overlay bg-color6\"><\/div> <div  class=\"swap-inner col-xs-12\"> <div  class=\"row full-height-row middle-xs middle-sm\"> <div  class=\"col-xs-12 text-center content-holder\"> <a class=\"button small color2\" href=\"#\" target=\"_self\" data-cp-link=\"1\" data-icon=\"\" rel=\"noopener\">Details auf Anfrage<\/a><\/div> <\/div><\/div> <\/div> <div  class=\"space-bottom space-top col-xs-12\" data-type=\"column\"> <h4  class=\"\">Schwachstellen-Analyse \u00d6PNV Branche<\/h4> <p  class=\"\">Die aicorn GmbH macht Fahrzeugdaten (Z\u00fcge) nutzbar und unterst\u00fctzt bei der Fehlersuche. Wir haben das Unternehmen beraten und zertifiziert.<\/p><\/div> <\/div><\/div><div  class=\"col-xs-12 col-sm-4 text-center\"> <div  class=\"card no-padding bottom-border-color1 no-shadow\"> <div  data-hover-fx=\"portfolio-3\" class=\"contentswap-effect\"> <div  class=\"initial-image\"> <img  decoding=\"async\" data-size=\"500x333\" src=\"https:\/\/bay-sec.de\/dach\/wp-content\/uploads\/sites\/13\/2024\/05\/cropped-magnifier-5245329_1280.jpg\"><\/div> <div  class=\"overlay bg-color6\"><\/div> <div  class=\"swap-inner col-xs-12\"> <div  class=\"row full-height-row middle-xs middle-sm\"> <div  class=\"col-xs-12 text-center content-holder\"> <a class=\"button small color2\" href=\"#\" target=\"_self\" data-cp-link=\"1\" data-icon=\"\" rel=\"noopener\">Details auf Anfrage<\/a><\/div> <\/div><\/div> <\/div> <div  class=\"space-bottom space-top col-xs-12\" data-type=\"column\"> <h4  class=\"\">Schwachstellen-Analyse Nachhilfe-Plattform<\/h4> <p  class=\"\">Die besserinderschule.de vermittelt Nachhilfe f\u00fcr Sch\u00fcler. Wir haben das Unternehmen beraten.<\/p><\/div> <\/div><\/div><div  class=\"col-xs-12 col-sm-4 text-center\"> <div  class=\"card no-padding bottom-border-color1 no-shadow\"> <div  data-hover-fx=\"portfolio-3\" class=\"contentswap-effect\"> <div  class=\"initial-image\"> <img  decoding=\"async\" data-size=\"500x333\" src=\"https:\/\/bay-sec.de\/dach\/wp-content\/uploads\/sites\/13\/2024\/05\/board-3699939_1280-1.jpg\"><\/div> <div  class=\"overlay bg-color6\"><\/div> <div  class=\"swap-inner col-xs-12\"> <div  class=\"row full-height-row middle-xs middle-sm\"> <div  class=\"col-xs-12 text-center content-holder\"> <a class=\"button small color2\" href=\"#\" target=\"_self\" data-cp-link=\"1\" data-icon=\"\" rel=\"noopener\">Details auf Anfrage<\/a><\/div> <\/div><\/div> <\/div> <div  class=\"space-bottom space-top col-xs-12\" data-type=\"column\"> <h4  class=\"\">Weiteres<\/h4> <p  class=\"\">Wir haben weitere Unternehmen, auch KMUs, verschiedenster Branchen beraten, darunter Ger\u00e4te-Hersteller, Online-Plattformen oder digitale Telefon-Anlagen Anbieter.<\/p><\/div> <\/div><\/div><\/div> <div  class=\"row\"> <div  data-type=\"column\" class=\"col-xs-12 text-center\"> <a  class=\"button color2 y-move\" href=\"#\">View Portfolio<\/a><\/div> <\/div><\/div> <\/div>","protected":false},"excerpt":{"rendered":"<p>Mehr erfahren Cyber-Spiel f\u00fcr Landkreis Traunstein Schluss mit langweiligen Trainings! Mit unserem interaktiven Spiel, geben wir dem Lernen neuen Schwung \u2013 bewertet mit 4,4 von 5 Sternen! Details vertraulich Audit Web-Filterung Der Kunde wurde von uns bei der Verbesserung der Web-Filterung bzw. Web-Proxys unterst\u00fctzt. Details vertraulich Audit Windows Client Wir haben mit den IT-Experten des&hellip; <br \/> <a class=\"read-more\" href=\"https:\/\/bay-sec.de\/dach\/referenzen\/\">Read more<\/a><\/p>\n","protected":false},"author":1,"featured_media":0,"parent":0,"menu_order":0,"comment_status":"closed","ping_status":"closed","template":"pro\/page-templates\/full-width-page.php","meta":{"footnotes":""},"class_list":["post-5209","page","type-page","status-publish","hentry"],"_links":{"self":[{"href":"https:\/\/bay-sec.de\/dach\/wp-json\/wp\/v2\/pages\/5209","targetHints":{"allow":["GET"]}}],"collection":[{"href":"https:\/\/bay-sec.de\/dach\/wp-json\/wp\/v2\/pages"}],"about":[{"href":"https:\/\/bay-sec.de\/dach\/wp-json\/wp\/v2\/types\/page"}],"author":[{"embeddable":true,"href":"https:\/\/bay-sec.de\/dach\/wp-json\/wp\/v2\/users\/1"}],"replies":[{"embeddable":true,"href":"https:\/\/bay-sec.de\/dach\/wp-json\/wp\/v2\/comments?post=5209"}],"version-history":[{"count":100,"href":"https:\/\/bay-sec.de\/dach\/wp-json\/wp\/v2\/pages\/5209\/revisions"}],"predecessor-version":[{"id":7771,"href":"https:\/\/bay-sec.de\/dach\/wp-json\/wp\/v2\/pages\/5209\/revisions\/7771"}],"wp:attachment":[{"href":"https:\/\/bay-sec.de\/dach\/wp-json\/wp\/v2\/media?parent=5209"}],"curies":[{"name":"wp","href":"https:\/\/api.w.org\/{rel}","templated":true}]}}