{"id":6207,"date":"2023-09-12T14:43:04","date_gmt":"2023-09-12T13:43:04","guid":{"rendered":"https:\/\/bay-sec.de\/dach\/?page_id=6207"},"modified":"2023-09-29T21:26:02","modified_gmt":"2023-09-29T20:26:02","slug":"awareness-training-informationssicherheit-startseite","status":"publish","type":"page","link":"https:\/\/bay-sec.de\/dach\/awareness-training-informationssicherheit-startseite\/","title":{"rendered":"Awareness Training &#8211; Informationssicherheit &#8211; Startseite"},"content":{"rendered":"\t\t<div data-elementor-type=\"wp-page\" data-elementor-id=\"6207\" class=\"elementor elementor-6207\">\n\t\t\t\t\t\t\t\t\t<section class=\"elementor-section elementor-top-section elementor-element elementor-element-644fc31 elementor-section-boxed elementor-section-height-default elementor-section-height-default\" data-id=\"644fc31\" data-element_type=\"section\">\n\t\t\t\t\t\t<div class=\"elementor-container elementor-column-gap-default\">\n\t\t\t\t\t<div class=\"elementor-column elementor-col-100 elementor-top-column elementor-element elementor-element-cc5b23e\" data-id=\"cc5b23e\" data-element_type=\"column\">\n\t\t\t<div class=\"elementor-widget-wrap elementor-element-populated\">\n\t\t\t\t\t\t\t\t<div class=\"elementor-element elementor-element-0146ff9 elementor-widget elementor-widget-heading\" data-id=\"0146ff9\" data-element_type=\"widget\" data-widget_type=\"heading.default\">\n\t\t\t\t<div class=\"elementor-widget-container\">\n\t\t\t<style>\/*! elementor - v3.18.0 - 20-12-2023 *\/\n.elementor-heading-title{padding:0;margin:0;line-height:1}.elementor-widget-heading .elementor-heading-title[class*=elementor-size-]>a{color:inherit;font-size:inherit;line-height:inherit}.elementor-widget-heading .elementor-heading-title.elementor-size-small{font-size:15px}.elementor-widget-heading .elementor-heading-title.elementor-size-medium{font-size:19px}.elementor-widget-heading .elementor-heading-title.elementor-size-large{font-size:29px}.elementor-widget-heading .elementor-heading-title.elementor-size-xl{font-size:39px}.elementor-widget-heading .elementor-heading-title.elementor-size-xxl{font-size:59px}<\/style><h2 class=\"elementor-heading-title elementor-size-default\">Willkommen beim kostenlosen Informationssicherheits-Training.<br><h3 data-elementor-setting-key=\"title\" data-pen-placeholder=\"Type Here...\">Kostenloses Security Awareness Training f\u00fcr staatliche und gemeinn\u00fctzige Organisationen.<\/h3><\/h2>\t\t<\/div>\n\t\t\t\t<\/div>\n\t\t\t\t\t<\/div>\n\t\t<\/div>\n\t\t\t\t\t\t\t<\/div>\n\t\t<\/section>\n\t\t\t\t<section class=\"elementor-section elementor-top-section elementor-element elementor-element-5ca14de elementor-section-boxed elementor-section-height-default elementor-section-height-default\" data-id=\"5ca14de\" data-element_type=\"section\">\n\t\t\t\t\t\t<div class=\"elementor-container elementor-column-gap-default\">\n\t\t\t\t\t<div class=\"elementor-column elementor-col-100 elementor-top-column elementor-element elementor-element-fe229e2\" data-id=\"fe229e2\" data-element_type=\"column\">\n\t\t\t<div class=\"elementor-widget-wrap elementor-element-populated\">\n\t\t\t\t\t\t\t\t<div class=\"elementor-element elementor-element-9d75c77 elementor-widget elementor-widget-text-editor\" data-id=\"9d75c77\" data-element_type=\"widget\" data-widget_type=\"text-editor.default\">\n\t\t\t\t<div class=\"elementor-widget-container\">\n\t\t\t<style>\/*! elementor - v3.18.0 - 20-12-2023 *\/\n.elementor-widget-text-editor.elementor-drop-cap-view-stacked .elementor-drop-cap{background-color:#69727d;color:#fff}.elementor-widget-text-editor.elementor-drop-cap-view-framed .elementor-drop-cap{color:#69727d;border:3px solid;background-color:transparent}.elementor-widget-text-editor:not(.elementor-drop-cap-view-default) .elementor-drop-cap{margin-top:8px}.elementor-widget-text-editor:not(.elementor-drop-cap-view-default) .elementor-drop-cap-letter{width:1em;height:1em}.elementor-widget-text-editor .elementor-drop-cap{float:left;text-align:center;line-height:1;font-size:50px}.elementor-widget-text-editor .elementor-drop-cap-letter{display:inline-block}<\/style>\t\t\t\t<h3><span style=\"font-size: 1.5rem;\">Gesamtdauer:&nbsp; 45 &#8211; 55 Minuten<\/span><br><\/h3><h3><span style=\"font-weight: normal;\">Hinweis: Dieses Online-Training wird st\u00e4ndig verbessert. Es handelt sich um eine erste Version. Wie gef\u00e4llt es Ihnen? Schreiben Sie uns an <a href=\"mailto:info@bay-sec.de\">info@bay-sec.de<\/a>.<\/span><\/h3>\t\t\t\t\t\t<\/div>\n\t\t\t\t<\/div>\n\t\t\t\t\t<\/div>\n\t\t<\/div>\n\t\t\t\t\t\t\t<\/div>\n\t\t<\/section>\n\t\t\t\t<section class=\"elementor-section elementor-top-section elementor-element elementor-element-f1f749b elementor-section-boxed elementor-section-height-default elementor-section-height-default\" data-id=\"f1f749b\" data-element_type=\"section\">\n\t\t\t\t\t\t<div class=\"elementor-container elementor-column-gap-default\">\n\t\t\t\t\t<div class=\"elementor-column elementor-col-50 elementor-top-column elementor-element elementor-element-7e7a6e5\" data-id=\"7e7a6e5\" data-element_type=\"column\">\n\t\t\t<div class=\"elementor-widget-wrap elementor-element-populated\">\n\t\t\t\t\t\t\t\t<div class=\"elementor-element elementor-element-8597ed3 elementor-widget elementor-widget-text-editor\" data-id=\"8597ed3\" data-element_type=\"widget\" data-widget_type=\"text-editor.default\">\n\t\t\t\t<div class=\"elementor-widget-container\">\n\t\t\t\t\t\t\t<h3>Themen<\/h3>\t\t\t\t\t\t<\/div>\n\t\t\t\t<\/div>\n\t\t\t\t\t<\/div>\n\t\t<\/div>\n\t\t\t\t<div class=\"elementor-column elementor-col-50 elementor-top-column elementor-element elementor-element-0e95664\" data-id=\"0e95664\" data-element_type=\"column\">\n\t\t\t<div class=\"elementor-widget-wrap elementor-element-populated\">\n\t\t\t\t\t\t\t\t<div class=\"elementor-element elementor-element-603c259 elementor-widget elementor-widget-text-editor\" data-id=\"603c259\" data-element_type=\"widget\" data-widget_type=\"text-editor.default\">\n\t\t\t\t<div class=\"elementor-widget-container\">\n\t\t\t\t\t\t\t\t\t\t\t\t\t<\/div>\n\t\t\t\t<\/div>\n\t\t\t\t\t<\/div>\n\t\t<\/div>\n\t\t\t\t\t\t\t<\/div>\n\t\t<\/section>\n\t\t\t\t<section class=\"elementor-section elementor-top-section elementor-element elementor-element-6653fe7 elementor-section-boxed elementor-section-height-default elementor-section-height-default\" data-id=\"6653fe7\" data-element_type=\"section\">\n\t\t\t\t\t\t<div class=\"elementor-container elementor-column-gap-default\">\n\t\t\t\t\t<div class=\"elementor-column elementor-col-66 elementor-top-column elementor-element elementor-element-5d83d9b\" data-id=\"5d83d9b\" data-element_type=\"column\">\n\t\t\t<div class=\"elementor-widget-wrap elementor-element-populated\">\n\t\t\t\t\t\t\t\t<div class=\"elementor-element elementor-element-ac505be elementor-widget elementor-widget-text-editor\" data-id=\"ac505be\" data-element_type=\"widget\" data-widget_type=\"text-editor.default\">\n\t\t\t\t<div class=\"elementor-widget-container\">\n\t\t\t\t\t\t\t<ol><li><h4>Vorwort<\/h4><\/li><li><h4>Einf\u00fchrung<\/h4><\/li><li><h4>Demo: <span style=\"font-weight: normal;\">gef\u00e4lschte Telefonnummern<\/span><\/h4><\/li><li><h4>Demo:<span style=\"font-weight: normal;\"> gef\u00e4lschte eMails<\/span><\/h4><\/li><li><h4>Beliebte Angriffe <span style=\"font-weight: normal;\">und Ursachen<\/span><\/h4><\/li><li><h4>F\u00e4lschungen<span style=\"font-weight: normal;\"> aller Art<\/span><\/h4><\/li><li><h4>Social Engineering<\/h4><\/li><li><h4>Verschl\u00fcsselungs-Trojaner<\/h4><\/li><li><h4>Datenschutz<\/h4><\/li><li><h4>Physische Sicherheit<\/h4><\/li><li><h4>Schlusswort<span style=\"font-weight: normal;\"> Basis Training<\/span><\/h4><\/li><li><h4>IT Training <span style=\"font-weight: normal;\">(Optional)<\/span><\/h4><\/li><li><h4>Schlusswort <span style=\"font-weight: normal;\">IT Training (Optional)<\/span><\/h4><\/li><\/ol>\t\t\t\t\t\t<\/div>\n\t\t\t\t<\/div>\n\t\t\t\t\t<\/div>\n\t\t<\/div>\n\t\t\t\t<div class=\"elementor-column elementor-col-33 elementor-top-column elementor-element elementor-element-bc49785\" data-id=\"bc49785\" data-element_type=\"column\">\n\t\t\t<div class=\"elementor-widget-wrap elementor-element-populated\">\n\t\t\t\t\t\t\t\t<div class=\"elementor-element elementor-element-937f80f elementor-widget elementor-widget-text-editor\" data-id=\"937f80f\" data-element_type=\"widget\" data-widget_type=\"text-editor.default\">\n\t\t\t\t<div class=\"elementor-widget-container\">\n\t\t\t\t\t\t\t\t\t\t\t\t\t<\/div>\n\t\t\t\t<\/div>\n\t\t\t\t\t<\/div>\n\t\t<\/div>\n\t\t\t\t\t\t\t<\/div>\n\t\t<\/section>\n\t\t\t\t<section class=\"elementor-section elementor-top-section elementor-element elementor-element-dbe7ef7 elementor-section-boxed elementor-section-height-default elementor-section-height-default\" data-id=\"dbe7ef7\" data-element_type=\"section\">\n\t\t\t\t\t\t<div class=\"elementor-container elementor-column-gap-default\">\n\t\t\t\t\t<div class=\"elementor-column elementor-col-100 elementor-top-column elementor-element elementor-element-6d3beda\" data-id=\"6d3beda\" data-element_type=\"column\">\n\t\t\t<div class=\"elementor-widget-wrap elementor-element-populated\">\n\t\t\t\t\t\t\t\t<div class=\"elementor-element elementor-element-d2e1e80 elementor-widget elementor-widget-text-editor\" data-id=\"d2e1e80\" data-element_type=\"widget\" data-widget_type=\"text-editor.default\">\n\t\t\t\t<div class=\"elementor-widget-container\">\n\t\t\t\t\t\t\t<h1>&nbsp;<\/h1>\n<h1><a href=\"https:\/\/bay-sec.de\/dach\/awareness-training-informationssicherheit-vorwort\/\">Training starten<\/a><\/h1>\n<div>&nbsp;<\/div>\n<div>Die beste Trainings-Erfahrung erhalten Sie, wenn Sie Ihren Laptop oder Computer verwenden.<\/div>\t\t\t\t\t\t<\/div>\n\t\t\t\t<\/div>\n\t\t\t\t\t<\/div>\n\t\t<\/div>\n\t\t\t\t\t\t\t<\/div>\n\t\t<\/section>\n\t\t\t\t\t\t\t<\/div>\n\t\t","protected":false},"excerpt":{"rendered":"<p>Willkommen beim kostenlosen Informationssicherheits-Training.Kostenloses Security Awareness Training f\u00fcr staatliche und gemeinn\u00fctzige Organisationen. Gesamtdauer:&nbsp; 45 &#8211; 55 MinutenHinweis: Dieses Online-Training wird st\u00e4ndig verbessert. Es handelt sich um eine erste Version. Wie gef\u00e4llt es Ihnen? Schreiben Sie uns an info@bay-sec.de.ThemenVorwortEinf\u00fchrungDemo: gef\u00e4lschte TelefonnummernDemo: gef\u00e4lschte eMailsBeliebte Angriffe und UrsachenF\u00e4lschungen aller ArtSocial EngineeringVerschl\u00fcsselungs-TrojanerDatenschutzPhysische SicherheitSchlusswort Basis TrainingIT Training (Optional)Schlusswort IT Training&hellip; <br \/> <a class=\"read-more\" href=\"https:\/\/bay-sec.de\/dach\/awareness-training-informationssicherheit-startseite\/\">Read more<\/a><\/p>\n","protected":false},"author":1,"featured_media":0,"parent":0,"menu_order":0,"comment_status":"closed","ping_status":"closed","template":"pro\/page-templates\/page-with-small-header.php","meta":{"footnotes":""},"class_list":["post-6207","page","type-page","status-publish","hentry"],"_links":{"self":[{"href":"https:\/\/bay-sec.de\/dach\/wp-json\/wp\/v2\/pages\/6207","targetHints":{"allow":["GET"]}}],"collection":[{"href":"https:\/\/bay-sec.de\/dach\/wp-json\/wp\/v2\/pages"}],"about":[{"href":"https:\/\/bay-sec.de\/dach\/wp-json\/wp\/v2\/types\/page"}],"author":[{"embeddable":true,"href":"https:\/\/bay-sec.de\/dach\/wp-json\/wp\/v2\/users\/1"}],"replies":[{"embeddable":true,"href":"https:\/\/bay-sec.de\/dach\/wp-json\/wp\/v2\/comments?post=6207"}],"version-history":[{"count":84,"href":"https:\/\/bay-sec.de\/dach\/wp-json\/wp\/v2\/pages\/6207\/revisions"}],"predecessor-version":[{"id":6840,"href":"https:\/\/bay-sec.de\/dach\/wp-json\/wp\/v2\/pages\/6207\/revisions\/6840"}],"wp:attachment":[{"href":"https:\/\/bay-sec.de\/dach\/wp-json\/wp\/v2\/media?parent=6207"}],"curies":[{"name":"wp","href":"https:\/\/api.w.org\/{rel}","templated":true}]}}