{"id":640,"date":"2021-10-14T19:42:52","date_gmt":"2021-10-14T19:42:52","guid":{"rendered":"https:\/\/gallant-keller.195-20-240-105.plesk.page\/?page_id=640"},"modified":"2025-10-15T16:16:31","modified_gmt":"2025-10-15T15:16:31","slug":"impressum","status":"publish","type":"page","link":"https:\/\/bay-sec.de\/dach\/impressum\/","title":{"rendered":"Impressum"},"content":{"rendered":"\t\t<div data-elementor-type=\"wp-page\" data-elementor-id=\"640\" class=\"elementor elementor-640\">\n\t\t\t\t\t\t\t\t\t<section class=\"elementor-section elementor-top-section elementor-element elementor-element-71fbf3fb elementor-section-boxed elementor-section-height-default elementor-section-height-default\" data-id=\"71fbf3fb\" data-element_type=\"section\">\n\t\t\t\t\t\t<div class=\"elementor-container elementor-column-gap-default\">\n\t\t\t\t\t<div class=\"elementor-column elementor-col-100 elementor-top-column elementor-element elementor-element-462628bc\" data-id=\"462628bc\" data-element_type=\"column\">\n\t\t\t<div class=\"elementor-widget-wrap elementor-element-populated\">\n\t\t\t\t\t\t\t\t<div class=\"elementor-element elementor-element-697faed5 elementor-widget elementor-widget-text-editor\" data-id=\"697faed5\" data-element_type=\"widget\" data-widget_type=\"text-editor.default\">\n\t\t\t\t<div class=\"elementor-widget-container\">\n\t\t\t<style>\/*! elementor - v3.18.0 - 20-12-2023 *\/\n.elementor-widget-text-editor.elementor-drop-cap-view-stacked .elementor-drop-cap{background-color:#69727d;color:#fff}.elementor-widget-text-editor.elementor-drop-cap-view-framed .elementor-drop-cap{color:#69727d;border:3px solid;background-color:transparent}.elementor-widget-text-editor:not(.elementor-drop-cap-view-default) .elementor-drop-cap{margin-top:8px}.elementor-widget-text-editor:not(.elementor-drop-cap-view-default) .elementor-drop-cap-letter{width:1em;height:1em}.elementor-widget-text-editor .elementor-drop-cap{float:left;text-align:center;line-height:1;font-size:50px}.elementor-widget-text-editor .elementor-drop-cap-letter{display:inline-block}<\/style>\t\t\t\t<div data-id=\"initial-content-section\" data-export-id=\"initial-content-section\" data-label=\"Initial Content\">\n<div>\n<div>\n<div>\n<h3>Rechtlicher Hinweis gem\u00e4\u00df \u00a7 5 Telemediengesetz (TMG)<\/h3>\n<p><b>Name und Anschrift<br><\/b>BaySec &#8211; Bayerische Gesellschaft f\u00fcr Cybersicherheit mbH&nbsp;<br>Stoi\u00dfberg 79<br>83454 Anger<br>Deutschland<\/p>\n<p><strong>Vertreten durch die Gesch\u00e4ftsf\u00fchrung<\/strong><br>Benjamin Salko Nitzinger<\/p>\n<p><strong>Kontakt<\/strong><br>Telefon:&nbsp;<a href=\"tel:+4986416270010\" target=\"_blank\" rel=\"noopener\">+49 (0)8641 6270010<\/a><br>E-Mail: info(at)bay-sec.de<\/p>\n<p><strong>Firmendaten<\/strong><br>BaySec &#8211; Bayerische Gesellschaft f\u00fcr Cybersicherheit mbH, eine Gesellschaft mit beschr\u00e4nkter Haftung, errichtet nach deutschem Recht, mit Sitz in Anger, eingetragen im Handelsregister des Amtsgerichts Traunstein unter der Nummer HRB 30616.<br>Umsatzsteuer-Identifikationsnummer: DE351196362<br>Die Gesellschaft befindet sich in Privatbesitz und ist keine staatliche Einrichtung.&nbsp;<\/p>\n<p><strong>Inhaltlich Verantwortlicher<\/strong><br>Benjamin Salko Nitzinger<\/p>\n<p><strong>Urheberrecht<\/strong><br>Copyright 2023, BaySec &#8211; Bayerische Gesellschaft f\u00fcr Cybersicherheit mbH&nbsp;GmbH, Deutschland. Alle Rechte vorbehalten.<br>Texte, Bilder, Graphiken, Animationen und Videosequenzen sowie deren Anordnung auf dieser Webseite unterliegen dem Schutz des Urheberrechts und anderer Schutzgesetze.<\/p>\n<p>Der Inhalt dieser Webseiten darf nicht zu kommerziellen Zwecken kopiert, verbreitet, ver\u00e4ndert oder f\u00fcr Dritte zug\u00e4nglich gemacht werden. Einige der auf der Webseite befindlichen Bilder unterliegen au\u00dferdem dem Urheberrecht Dritter.<\/p>\n<p><strong>Marken<br><\/strong>Soweit nicht anders angegeben, sind alle Marken auf dieser Webseite eigentumsrechtlich gesch\u00fctzt. Dies gilt insbesondere f\u00fcr Marken von BaySec &#8211; Bayerische Gesellschaft f\u00fcr Cybersicherheit mbH, Namensschilder, Firmenlogos und Embleme.<\/p>\n<p><b>Haftungsausschluss<\/b><br>Obwohl sorgf\u00e4ltiger inhaltlicher Kontrolle \u00fcbernehmen wir keine Haftung f\u00fcr die Inhalte externer Links. F\u00fcr den Inhalt der verlinkten Seiten sind ausschlie\u00dflich deren Betreiber verantwortlich.<\/p>\n<p><b>Streitbeilegung<br><\/b>Wir sind weder bereit noch verpflichtet, an Streitbeilegungsverfahren vor Verbraucherschlichtungsstellen teilzunehmen.<\/p>\n<\/div>\n<\/div>\n<\/div>\n<\/div>\t\t\t\t\t\t<\/div>\n\t\t\t\t<\/div>\n\t\t\t\t\t<\/div>\n\t\t<\/div>\n\t\t\t\t\t\t\t<\/div>\n\t\t<\/section>\n\t\t\t\t\t\t\t<\/div>\n\t\t","protected":false},"excerpt":{"rendered":"<p>Rechtlicher Hinweis gem\u00e4\u00df \u00a7 5 Telemediengesetz (TMG) Name und AnschriftBaySec &#8211; Bayerische Gesellschaft f\u00fcr Cybersicherheit mbH&nbsp;Stoi\u00dfberg 7983454 AngerDeutschland Vertreten durch die Gesch\u00e4ftsf\u00fchrungBenjamin Salko Nitzinger KontaktTelefon:&nbsp;+49 (0)8641 6270010E-Mail: info(at)bay-sec.de FirmendatenBaySec &#8211; Bayerische Gesellschaft f\u00fcr Cybersicherheit mbH, eine Gesellschaft mit beschr\u00e4nkter Haftung, errichtet nach deutschem Recht, mit Sitz in Anger, eingetragen im Handelsregister des Amtsgerichts Traunstein unter&hellip; <br \/> <a class=\"read-more\" href=\"https:\/\/bay-sec.de\/dach\/impressum\/\">Read more<\/a><\/p>\n","protected":false},"author":1,"featured_media":0,"parent":0,"menu_order":0,"comment_status":"closed","ping_status":"closed","template":"pro\/page-templates\/full-width-page.php","meta":{"footnotes":""},"class_list":["post-640","page","type-page","status-publish","hentry"],"_links":{"self":[{"href":"https:\/\/bay-sec.de\/dach\/wp-json\/wp\/v2\/pages\/640","targetHints":{"allow":["GET"]}}],"collection":[{"href":"https:\/\/bay-sec.de\/dach\/wp-json\/wp\/v2\/pages"}],"about":[{"href":"https:\/\/bay-sec.de\/dach\/wp-json\/wp\/v2\/types\/page"}],"author":[{"embeddable":true,"href":"https:\/\/bay-sec.de\/dach\/wp-json\/wp\/v2\/users\/1"}],"replies":[{"embeddable":true,"href":"https:\/\/bay-sec.de\/dach\/wp-json\/wp\/v2\/comments?post=640"}],"version-history":[{"count":40,"href":"https:\/\/bay-sec.de\/dach\/wp-json\/wp\/v2\/pages\/640\/revisions"}],"predecessor-version":[{"id":7847,"href":"https:\/\/bay-sec.de\/dach\/wp-json\/wp\/v2\/pages\/640\/revisions\/7847"}],"wp:attachment":[{"href":"https:\/\/bay-sec.de\/dach\/wp-json\/wp\/v2\/media?parent=640"}],"curies":[{"name":"wp","href":"https:\/\/api.w.org\/{rel}","templated":true}]}}