{"id":7213,"date":"2024-05-30T13:49:08","date_gmt":"2024-05-30T12:49:08","guid":{"rendered":"https:\/\/bay-sec.de\/dach\/?page_id=7213"},"modified":"2026-03-03T19:07:14","modified_gmt":"2026-03-03T18:07:14","slug":"vorstellung-cyber-spiel-fuer-landkreis-traunstein","status":"publish","type":"page","link":"https:\/\/bay-sec.de\/dach\/referenzen\/vorstellung-cyber-spiel-fuer-landkreis-traunstein\/","title":{"rendered":"Referenz: Cyber-Spiel f\u00fcr Landkreis Traunstein"},"content":{"rendered":"<div  data-label=\"Content\" data-id=\"content--5\" data-export-id=\"content-12\" data-category=\"content\" class=\"content-12 content-section content-section-spacing\" id=\"content-5\" style=\"background-color: rgb(236, 245, 248); background-image: none;\"><div  class=\"gridContainer\"> <div  class=\"row text-center\"><div  class=\"section-title-col\" data-type=\"column\"><h4  class=\"\">\ud83d\udd0d Zoom mit Klick auf Bild<\/h4>  <\/div> <\/div> <div  class=\"row center-xs middle-xs\"> <div  class=\"col-sm-9\" data-type=\"column\"> <\/div> <\/div><\/div> <\/div><div  data-label=\"Overlappable\" data-id=\"overlappable--1\" data-export-id=\"overlappable-1\" data-category=\"overlappable\" class=\"overlappable-1 content-section content-section-spacing\" data-overlap=\"true\" id=\"overlappable-1\" style=\"background-color: rgb(236, 245, 248); background-image: none;\"><div  class=\"gridContainer\"> <div  data-type=\"row\" class=\"row shadow-medium\"><div  data-type=\"column\" class=\"col-xs-12 col-sm-4 flexcol bg-color-white col-padding col-padding-small-xs col-md-3\">    <a  href=\"https:\/\/bay-sec.de\/dach\/wp-content\/uploads\/sites\/13\/2024\/05\/cropped-Screenshot_Watzmannspiel_lq-1.jpg\" data-cp-link=\"1\" class=\"swipebox\" target=\"lightbox\" rel=\"noopener\" data-rel=\"lightbox-image-bGlnaHRib3gtaW1hZ2UtYkdsbmFIUmliM2d0YVcxaFoyVXRZa2RzYm1GSVVtbGlNMmQwWVZjeGFGb3lWWFJaYTJSelltMUdTVlZ0YkdsTk1tUXdXVlpqZUdGR2IzbFdXRkphWVRKU2VsbHRNVWRUVmxaMFlrZHNUazF0VVhkWFZscHFaVWRHUjJJemJGZFhSa3BoV1ZSS1UyVnNiSFJOVldSVVZteGFNRmxyWkhOVWF6RjBWVmhrV0Zac2NIRmFWV1JIVWpKSmVtSkdaRmhTYTNCb1YxWlNTMVV5Vm5OaVNGSk9WbGRTVlZadGVHRk5SbXh5V2toT1ZXRjZSakJXVm1oclYwWmFjMk5JUm1GV1YxSklWV3BLU21WdFNrZGFSbWhUWVROQ2IxWXhXbE5UTVZWNVZtNU9hVk5HU2s5V2JHUlRWbFphZEdWSFJrNVNiWGg1VjJ0b1QxWlhSalpTYWtKWFZtMW9jbFl3V21Gak1rNUpVbTFHVjFZeFNrbFdWM0JMVTIxV2RGTnJaR0ZTYldoVVdWUk9RMkl4V1hoWGJFNVVUVlpXTlZadE5VOWhWazVIVTJzNVYySkhVbFJXYkZwaFpFZFdTRkpyTlZOaVdHZzFWakowYjFReFdsaFNhbHBUWVd0S1dGWnRNVzlqYkZsM1YyMUdhazFyTlVwVmJURkhWakZaZUZOcmJGZFdNMEpNVlRJeFYyUkdUbkphUjBaVFlsZG9WVmRXVWs5Uk1WWlhWMjVPV0dKVldsZFpiRnBIVFRGUmVGZHJkRlpXYkhCR1ZWWlNjbEJSUFQwPQ==\" data-rl_title=\"\" data-rl_caption=\"\" data-rl_title=\"\" data-rl_caption=\"\" data-slb-active=\"1\" data-slb-asset=\"888570599\" data-slb-internal=\"0\" data-slb-group=\"7213\"><img  decoding=\"async\" class=\"custom-image\" src=\"https:\/\/bay-sec.de\/dach\/wp-content\/uploads\/sites\/13\/2024\/05\/cropped-Screenshot_Watzmannspiel_lq-1.jpg\" title=\"\" alt=\"\"><\/a><\/div><div  data-type=\"column\" class=\"col-xs-12 col-sm-4 flexcol col-padding col-padding-small-xs inverted bg-color7 col-md-3\">   <a  href=\"https:\/\/bay-sec.de\/dach\/wp-content\/uploads\/sites\/13\/2024\/05\/Watzmann_Screenshot_2_lq.jpg\" data-cp-link=\"1\" class=\"swipebox\" target=\"lightbox\" rel=\"noopener\" data-rel=\"lightbox-image-bGlnaHRib3gtaW1hZ2UtYkdsbmFIUmliM2d0YVcxaFoyVXRZa2RzYm1GSVVtbGlNMmQwWVZjeGFGb3lWWFJaYTJSelltMUdTVlZ0YkdsTk1tUXdXVlpqZUdGR2IzbFdXRkphWVRKU2VsbHRNVWRUVmxaMFlrZHNUazF0VVhkWFZscHFaVWRHUjJJemJGZFhSa3BoV1ZSS1UyVnNiSFJOVldSVVZteGFNRmxyWkhOVWF6RjBWVmhrV0Zac2NIRmFWV1JIVWpKSmVtSkdaRmhTYTNCb1YxWlNTMVV5Vm5OaVNGSk9WbGRTVlZadGVHRk5SbXh5V2toT1ZXRjZSakJXVm1oclYwWmFjMk5JUm1GV1YxSklWV3BLU21WdFNrZGFSbWhUWVROQ2IxWXhXbE5UTVZWNVZtNU9hVk5HU2s5V2JHUlRWbFphZEdWSFJrNVNiWGg1VjJ0b1QxWlhSalpTYWtKWFZtMW9jbFl3V21Gak1rNUpVbTFHVjFZeFNrbFdWM0JMVTIxV2RGTnJaR0ZTYldoVVdWUk9RMkl4V1hoWGJFNVVUVlpXTlZadE5VOWhWazVIVTJzNVYySkhVbFJXYkZwaFpFZFdTRkpyTlZOaVdHZzFWakowYjFReFdsaFNhbHBUWVd0S1dGWnRNVzlqYkZsM1YyMUdhazFyTlVwVmJURkhWakZaZUZOcmJGZFdNMEpNVlRJeFYyUkdUbkphUjBaVFlsZG9WVmRXVWs5Uk1WWlhWMjVTYkZJd1dsZFpiRnBIVFRGUmVGZHJkRlpXYkhCR1ZWWlNjbEJSUFQwPQ==\" data-rl_title=\"\" data-rl_caption=\"\" data-rl_title=\"\" data-rl_caption=\"\" data-slb-active=\"1\" data-slb-asset=\"1061177790\" data-slb-internal=\"0\" data-slb-group=\"7213\"><img  decoding=\"async\" class=\"custom-image\" src=\"https:\/\/bay-sec.de\/dach\/wp-content\/uploads\/sites\/13\/2024\/05\/Watzmann_Screenshot_2_lq.jpg\" title=\"\" alt=\"\"><\/a><\/div>   <div  data-type=\"column\" class=\"col-xs-12 col-sm-4 flexcol bg-color-white col-padding col-padding-small-xs col-md-3\">    <a  href=\"https:\/\/bay-sec.de\/dach\/wp-content\/uploads\/sites\/13\/2024\/05\/cropped-Watzmann_Screenshot_1_lq.jpg\" data-cp-link=\"1\" class=\"swipebox\" target=\"lightbox\" rel=\"noopener\" data-rel=\"lightbox-image-bGlnaHRib3gtaW1hZ2UtYkdsbmFIUmliM2d0YVcxaFoyVXRZa2RzYm1GSVVtbGlNMmQwWVZjeGFGb3lWWFJaYTJSelltMUdTVlZ0YkdsTk1tUXdXVlpqZUdGR2IzbFdXRkphWVRKU2VsbHRNVWRUVmxaMFlrZHNUazF0VVhkWFZscHFaVWRHUjJJemJGZFhSa3BoV1ZSS1UyVnNiSFJOVldSVVZteGFNRmxyWkhOVWF6RjBWVmhrV0Zac2NIRmFWV1JIVWpKSmVtSkdaRmhTYTNCb1YxWlNTMVV5Vm5OaVNGSk9WbGRTVlZadGVHRk5SbXh5V2toT1ZXRjZSakJXVm1oclYwWmFjMk5JUm1GV1YxSklWV3BLU21WdFNrZGFSbWhUWVROQ2IxWXhXbE5UTVZWNVZtNU9hVk5HU2s5V2JHUlRWbFphZEdWSFJrNVNiWGg1VjJ0b1QxWlhSalpTYWtKWFZtMW9jbFl3V21Gak1rNUpVbTFHVjFZeFNrbFdWM0JMVTIxV2RGTnJaR0ZTYldoVVdWUk9RMkl4V1hoWGJFNVVUVlpXTlZadE5VOWhWazVIVTJzNVYySkhVbFJXYkZwaFpFZFdTRkpyTlZOaVdHZzFWakowYjFReFdsaFNhbHBUWVd0S1dGWnRNVzlqYkZsM1YyMUdhazFyTlVwVmJURkhWakZaZUZOcmJGZFdNMEpNVlRJeFYyUkdUbkphUjBaVFlsZG9WVmRXVWs5Uk1WWlhWMjVHVkZaRlduSlpiRnBIVFRGUmVGZHJkRlpXYkhCR1ZWWlNjbEJSUFQwPQ==\" data-rl_title=\"\" data-rl_caption=\"\" data-rl_title=\"\" data-rl_caption=\"\" data-slb-active=\"1\" data-slb-asset=\"230160713\" data-slb-internal=\"0\" data-slb-group=\"7213\"><img  decoding=\"async\" class=\"custom-image\" src=\"https:\/\/bay-sec.de\/dach\/wp-content\/uploads\/sites\/13\/2024\/05\/cropped-Watzmann_Screenshot_1_lq.jpg\" title=\"\" alt=\"\"><\/a><\/div><div  data-type=\"column\" class=\"col-xs-12 col-sm-4 flexcol bg-color-white col-padding col-padding-small-xs col-md-3\">    <a  href=\"https:\/\/bay-sec.de\/dach\/wp-content\/uploads\/sites\/13\/2024\/06\/LRA-TS_Logo_Landkreis_Verlauf_hoch_CMYK.jpg\" data-cp-link=\"1\" class=\"swipebox\" target=\"lightbox\" rel=\"noopener\" data-rel=\"lightbox-image-bGlnaHRib3gtaW1hZ2UtYkdsbmFIUmliM2d0YVcxaFoyVXRZa2RzYm1GSVVtbGlNMmQwWVZjeGFGb3lWWFJaYTJSelltMUdTVlZ0YkdsTk1tUXdXVlpqZUdGR2IzbFdXRkphWVRKU2VsbHRNVWRUVmxaMFlrZHNUazF0VVhkWFZscHFaVWRHUjJJemJGZFhSa3BoV1ZSS1UyVnNiSFJOVldSVVZteGFNRmxyWkhOVWF6RjBWVmhrV0Zac2NIRmFWV1JIVWpKSmVtSkdaRmhTYTNCb1YxWlNTMVV5Vm5OaVNGSk9WbGRTVlZadGVHRk5SbXh5V2toT1ZXRjZSakJXVm1oclYwWmFjMk5JUm1GV1YxSklWV3BLU21WdFNrZGFSbWhUWVROQ2IxWXhXbE5UTVZWNVZtNU9hVk5HU2s5V2JHUlRWbFphZEdWSFJrNVNiWGg1VjJ0b1QxWlhSalpTYWtKWFZtMW9jbFl3V21Gak1rNUpVbTFHVjFZeFNrbFdWM0JMVTIxV2RGTnJaR0ZTYldoVVdWUk9RMkl4V1hoWGJFNVVUVlpXTlZadE5VOWhWazVIVTJzNVYySkhVbFJXYkZwaFpFZFdTRkpyTlZOaVdHZzFWakowYjFReFdsaFNhbHBUWVd0S1dGWnRNVzlqYkZsM1YyMUdhazFyTlVwVmJURkhWakZaZUZOcmJGZFdNMEpNVlRJeFYyUkdUbkphUjBaVFlsZG9WVmRXVWs5Uk1WWlhWMWhzYTFKNmJISlpiRnBIVFRGUmVGZHJkRlpXYkhCR1ZWWlNjbEJSUFQwPQ==\" data-rl_title=\"\" data-rl_caption=\"\" data-rl_title=\"\" data-rl_caption=\"\" data-slb-active=\"1\" data-slb-asset=\"1088411933\" data-slb-internal=\"0\" data-slb-group=\"7213\"><img  decoding=\"async\" class=\"custom-image\" src=\"https:\/\/bay-sec.de\/dach\/wp-content\/uploads\/sites\/13\/2024\/06\/LRA-TS_Logo_Landkreis_Verlauf_hoch_CMYK.jpg\" title=\"\" alt=\"\"><\/a><\/div><\/div><\/div> <\/div><div  data-label=\"Content\" data-id=\"content--2\" data-export-id=\"content-12\" data-category=\"content\" class=\"content-12 content-section content-section-spacing\" id=\"content-2\" style=\"background-color: rgb(236, 245, 248); background-image: none;\"><div  class=\"gridContainer\"> <div  class=\"row text-center\"><div  class=\"section-title-col\" data-type=\"column\">  <h2  class=\"\">Awareness mit Gamification: \n<br >Ein gro\u00dfartiger Erfolg.<\/h2><h3  class=\"\">Mitarbeiter begeistern und Wissen auffrischen.<\/h3><h3  class=\"\"><span  style=\"font-weight: 400;\">Public Money Public Code: Nun kostenlos f\u00fcr alle deutschen, staatlichen Einrichtungen.<\/span><\/h3><a  class=\"button big color1\" href=\"https:\/\/github.com\/BavarianSecurity\/Watzmann-Spiel\" target=\"_blank\" data-cp-link=\"1\" data-icon=\"fa-git-square\" rel=\"noopener\"><span  class=\"button-icon fa fa-git-square\"><\/span>Github<\/a><a  class=\"button big color1\" href=\"https:\/\/training.eusec.net\/plattform\/mod\/h5pactivity\/view.php?id=92\" target=\"_blank\" data-cp-link=\"1\" data-icon=\"fa-play\" rel=\"noopener\"><span class=\"button-icon fa fa-play\" ><\/span>Demo<\/a><p  class=\"lead\">heimatnah<br >zielgruppengerecht<br >&nbsp;anonym<br >mit Verlosung und Gruppen-Bonus<br >ohne Druck<br >&nbsp;Data Privacy by Design<\/p><img  decoding=\"async\" class=\"custom-image\" src=\"https:\/\/bay-sec.de\/dach\/wp-content\/uploads\/sites\/13\/2024\/07\/Rating-of-Training_4.51-e1720774174844.png\" title=\"Rating-of-Training_4.51\" alt=\"\"><p  class=\"lead\">\u2606 4,51 von 5 Sternen&nbsp;\u2606<br >\n\u2606 88,93% positive Bewertungen&nbsp;\u2606<br >\n\u2606 Nur 3,83% negative Bewertungen&nbsp;\u2606<br >restliche Bewertungen neutral\n<br ><br ><br >\n<\/p><h3  class=\"\" style=\"text-align: left;\">Ausgangssituation:<\/h3><p  class=\"lead\" style=\"text-align: left;\">Der&nbsp;<span  style=\"font-weight: 400;\">Landkreis Traunstein<\/span> wollte den Lerneffekt bei Schulungen und Sensibilisierungsma\u00dfnahmen steigern.&nbsp;<\/p><h3  class=\"\" style=\"text-align: left;\">Innovative L\u00f6sung:<\/h3><p  class=\"lead\" style=\"text-align: left;\">Wir f\u00fchrten das \u201eWatzmann-Spiel\u201c ein \u2013 eine Gamification-L\u00f6sung f\u00fcr die Mitarbeiter des Landratsamts Traunstein sowie 35 St\u00e4dte, M\u00e4rkte und Gemeinden im Landkreis Traunstein. Die Mitarbeiter erhielten per E-Mail eine Einladung zur <span  style=\"font-style: italic; font-weight: 400;\">anonymen<\/span> Teilnahme am Spiel. Bei erfolgreicher Teilnahme hatten sie die M\u00f6glichkeit, an einer Verlosung teilzunehmen und sofort das Gewinn-Ergebnis zu erfahren.<br >\nIm Spiel musste ein Hacker, der den Watzmann-Gipfel besetzt hatte und Bayern terrorisierte, vertrieben werden. Dies gelang den Mitarbeitern, indem sie alle Cyber-Fragen richtig beantworteten.<\/p><h3  class=\"\" style=\"text-align: left;\">Spielregeln:<\/h3><p  class=\"lead\" style=\"text-align: left;\">\u29bf Das Ziel wurde erreicht, wenn alle Fragen korrekt und vollst\u00e4ndig beantwortet wurden.<br >\u29bf Um zum n\u00e4chsten Level zu gelangen, mussten alle vorherigen Fragen richtig beantwortet sein.&nbsp;<\/p><h3  class=\"\" style=\"text-align: left;\">Ergebnisse und Mehrwert<\/h3><p  class=\"lead\" style=\"text-align: left;\">Das Feedback der Mitarbeiter war \u00fcberw\u00e4ltigend positiv und der Erfolg&nbsp;zeigte sich deutlich.<br ><br >\u29bf<span  style=\"font-weight: 400;\"> 4,51 von 5 Sternen&nbsp;\n<\/span><span  style=\"font-weight: 400;\">\u29bf 88,93% positive Bewertungen<\/span>&nbsp;<br ><span  style=\"font-weight: 400;\">\u29bf Nur&nbsp;3,83 % <\/span>negative Bewertungen. Die restlichen Bewertungen waren neutral.\n<br ><br >\nDie Mitarbeiter lobten insbesondere den spielerischen und heimatnahen Ansatz. Durch die datenschutzkonforme Entwicklung war eine <span  style=\"font-style: italic; font-weight: 400;\">anonyme Teilnahme<\/span> am Gewinn-Spiel m\u00f6glich. Durch diesen innovativen Ansatz wurde das Thema Cybersicherheit greifbarer und das Wissen effektiver vermittelt. Selbst nicht-technische Mitarbeiter fanden Gefallen an der Methode. Die Reputation der Cybersicherheit im Landkreis Traunstein stieg signifikant. Das Spiel wurde erfolgreich erprobt \u2013 der Betrieb verlief stabil, ohne Beschwerden oder technischen St\u00f6rungen.&nbsp;<\/p><h3  class=\"\" style=\"text-align: left;\">Fazit<\/h3><p  class=\"lead\" style=\"text-align: left;\">Das \u201eWatzmann-Spiel\u201c hat bewiesen, dass Gamification eine wirkungsvolle Methode ist, um Cybersicherheitsschulungen neu zu beleben und effektiv Wissen zu vermitteln. Aufgrund des gro\u00dfen Erfolgs wird dar Landkreis Traunstein k\u00fcnftig regelm\u00e4\u00dfige Awareness-Ma\u00dfnahmen mit verschiedenen Spielen erg\u00e4nzen.&nbsp;Entdecken Sie, wie unsere innovativen Ans\u00e4tze auch Ihre Mitarbeiter begeistern und die Cybersicherheit in Ihrem Unternehmen st\u00e4rken k\u00f6nnen.\n<br ><br >Wir k\u00f6nnen das Spiel auf Ihr Unternehmen hin entwickeln: individuelle Fragen, Hintergrundbild von einem Wahrzeichen Ihrer Region. Die Wegepunkte lassen sich nat\u00fcrlich individuell verschieben.<\/p><\/div> <\/div> <div  class=\"row center-xs middle-xs\"> <div  class=\"col-sm-9\" data-type=\"column\"> <\/div> <\/div><\/div> <\/div><div  data-label=\"Content\" data-id=\"content--3\" data-export-id=\"content-12\" data-category=\"content\" class=\"content-12 content-section content-section-spacing\" id=\"content-3\" style=\"background-color: rgb(236, 245, 248); background-image: none;\"><div  class=\"gridContainer\"> <div  class=\"row text-center\"><div  class=\"section-title-col\" data-type=\"column\">  <\/div> <\/div> <div  class=\"row center-xs middle-xs\"> <div  class=\"col-sm-9\" data-type=\"column\"> <img  decoding=\"async\" class=\"shadow-large\" src=\"https:\/\/bay-sec.de\/dach\/wp-content\/uploads\/sites\/13\/2024\/05\/cropped-Watzmann_Screenshot_1_lq.jpg\" title=\"cropped-Watzmann_Screenshot_1_lq.jpg\" alt=\"\"><\/div> <\/div><\/div> <\/div><div  data-label=\"Content\" data-id=\"content--4\" data-export-id=\"content-12\" data-category=\"content\" class=\"content-12 content-section content-section-spacing\" id=\"content-4\" style=\"background-color: rgb(236, 245, 248); background-image: none;\"><div  class=\"gridContainer\"> <div  class=\"row text-center\"><div  class=\"section-title-col\" data-type=\"column\">  <\/div> <\/div> <div  class=\"row center-xs middle-xs\"> <div  class=\"col-sm-9\" data-type=\"column\"> <img  decoding=\"async\" class=\"shadow-large\" src=\"https:\/\/bay-sec.de\/dach\/wp-content\/uploads\/sites\/13\/2024\/05\/cropped-Watzmann_Screenshot_2_lq.jpg\" title=\"cropped-Watzmann_Screenshot_2_lq.jpg\" alt=\"\"><\/div> <\/div><\/div> <\/div>","protected":false},"excerpt":{"rendered":"<p>\ud83d\udd0d Zoom mit Klick auf Bild Awareness mit Gamification: Ein gro\u00dfartiger Erfolg.Mitarbeiter begeistern und Wissen auffrischen.Public Money Public Code: Nun kostenlos f\u00fcr alle deutschen, staatlichen Einrichtungen.GithubDemoheimatnahzielgruppengerecht&nbsp;anonymmit Verlosung und Gruppen-Bonusohne Druck&nbsp;Data Privacy by Design\u2606 4,51 von 5 Sternen&nbsp;\u2606 \u2606 88,93% positive Bewertungen&nbsp;\u2606 \u2606 Nur 3,83% negative Bewertungen&nbsp;\u2606restliche Bewertungen neutral Ausgangssituation:Der&nbsp;Landkreis Traunstein wollte den Lerneffekt bei Schulungen&hellip; <br \/> <a class=\"read-more\" href=\"https:\/\/bay-sec.de\/dach\/referenzen\/vorstellung-cyber-spiel-fuer-landkreis-traunstein\/\">Read more<\/a><\/p>\n","protected":false},"author":1,"featured_media":0,"parent":5209,"menu_order":0,"comment_status":"closed","ping_status":"closed","template":"pro\/page-templates\/full-width-page.php","meta":{"footnotes":""},"class_list":["post-7213","page","type-page","status-publish","hentry"],"_links":{"self":[{"href":"https:\/\/bay-sec.de\/dach\/wp-json\/wp\/v2\/pages\/7213","targetHints":{"allow":["GET"]}}],"collection":[{"href":"https:\/\/bay-sec.de\/dach\/wp-json\/wp\/v2\/pages"}],"about":[{"href":"https:\/\/bay-sec.de\/dach\/wp-json\/wp\/v2\/types\/page"}],"author":[{"embeddable":true,"href":"https:\/\/bay-sec.de\/dach\/wp-json\/wp\/v2\/users\/1"}],"replies":[{"embeddable":true,"href":"https:\/\/bay-sec.de\/dach\/wp-json\/wp\/v2\/comments?post=7213"}],"version-history":[{"count":74,"href":"https:\/\/bay-sec.de\/dach\/wp-json\/wp\/v2\/pages\/7213\/revisions"}],"predecessor-version":[{"id":7849,"href":"https:\/\/bay-sec.de\/dach\/wp-json\/wp\/v2\/pages\/7213\/revisions\/7849"}],"up":[{"embeddable":true,"href":"https:\/\/bay-sec.de\/dach\/wp-json\/wp\/v2\/pages\/5209"}],"wp:attachment":[{"href":"https:\/\/bay-sec.de\/dach\/wp-json\/wp\/v2\/media?parent=7213"}],"curies":[{"name":"wp","href":"https:\/\/api.w.org\/{rel}","templated":true}]}}