{"id":7598,"date":"2024-06-24T17:26:30","date_gmt":"2024-06-24T16:26:30","guid":{"rendered":"https:\/\/bay-sec.de\/dach\/?page_id=7598"},"modified":"2026-03-30T16:54:37","modified_gmt":"2026-03-30T15:54:37","slug":"unternehmen","status":"publish","type":"page","link":"https:\/\/bay-sec.de\/dach\/unternehmen\/","title":{"rendered":"Unternehmen"},"content":{"rendered":"<div  data-label=\"Testimonials\" data-id=\"testimonials--1\" data-export-id=\"testimonials-2\" data-category=\"testimonials\" class=\"testimonials-2 content-section content-section-spacing\" id=\"testimonials-1\" style=\"background-color: rgb(236, 245, 248); background-image: none;\"><div  class=\"gridContainer\"> <div  class=\"row\"><div  data-type=\"column\" class=\"section-title-col\"> <h2  class=\"\"><span  style=\"color: rgb(30, 115, 190);\">Vision f\u00fcr Jahr 2045<\/span><\/h2> <\/div> <\/div> <div  class=\"row spaced-cols content-center-sm\" data-type=\"row\"> <div  class=\"col-xs-12 col-sm-4 col-md-12 \"> <div  class=\"card bottom-border-color1 no-shadow\" data-type=\"column\"> <i  class=\"fa fa-quote-right icon color1 small quotation-icon\"><\/i>    <p  class=\"lead\"><span  style=\"font-weight: 400; font-style: italic; color: rgb(30, 115, 190);\">\u201cWir sind das europaweit vertrauensvollste und beste Sicherheits-Unternehmen \u2013 und eine Referenz. Wir widmen unsere Arbeit in erster Linie der EU und den einzelnen L\u00e4ndern. Unseren Mitarbeitern bieten wir abwechslungsreiche Aufgaben, einen tieferen Sinn und Absicherung. Unsere Angebote werden von vielen mit hohem Vertrauen genutzt: Staatliche Einrichtungen; privatwirtschaftliche Unternehmen; Partner-Firmen, die Ihr Portfolio \u00fcber uns anbieten. Unsere Kunden und Partner k\u00f6nnen sich auf das Wesentliche konzentrieren: Ihr Gesch\u00e4ft und Ihre Angebote, die ein Millionenpublikum erreichen.\u201d<\/span><\/p><\/div> <\/div>  <\/div> <\/div><\/div><div  data-label=\"Features\" data-id=\"features--4\" data-export-id=\"features-12-card-bordered-colored\" data-category=\"features\" class=\"features-12-card-bordered-colored content-section content-section-spacing\" id=\"features-4\" style=\"background-color: rgb(236, 245, 248); background-image: none;\"><div  class=\"gridContainer\"><div  class=\"row text-center\"><div  class=\"section-title-col\" data-type=\"column\"> <h2  class=\"\"><span  style=\"color: rgb(30, 115, 190);\">Werte Manifest<\/span><\/h2> <\/div> <\/div> <div  class=\"row spaced-cols\" data-type=\"row\"> <div  class=\"col-xs-12 col-sm-6\"> <div  class=\"card row-card bottom-border-color2\"> <div  class=\"row\"> <div  class=\"col-sm-fit icon-column\" data-preview-empty=\"1\">  <\/div> <div  class=\"col-sm\" data-type=\"column\"> <h5  class=\"color2\"><span  style=\"font-family: &quot;Open Sans&quot;, arial, helvetica, sans-serif; color: rgb(30, 115, 190);\">Kundenorientierung<\/span><\/h5> <p  class=\"\"><span  style=\"color: rgb(30, 115, 190); font-family: arial, helvetica, sans-serif;\">\u2022 Wir helfen den Kunden <span  style=\"font-style: italic;\">immer<\/span> konstruktiv.<br >\u2022 Wir gehen die extra Meile f\u00fcr unsere Kunden, f\u00fcr den Staat sogar drei und wenn notwendig, sogar mehr.<\/span><br ><span  style=\"color: rgb(30, 115, 190); font-family: arial, helvetica, sans-serif;\">\n\u2022 Vertrauen ist wichtiger als Geld.<\/span><br ><span  style=\"color: rgb(30, 115, 190); font-family: arial, helvetica, sans-serif;\">\n\u2022 Wir fangen da an, wo unser Kunde gedanklich und situativ ist.<\/span><br ><span  style=\"color: rgb(30, 115, 190); font-family: arial, helvetica, sans-serif;\">\n\u2022 Wir h\u00f6ren aktiv zu, setzen alles daran zu verstehen.\n<br >\u2022 Ausgewogene Kosten: Wir bieten nicht gleich das teuerste an.<\/span><br ><span  style=\"color: rgb(30, 115, 190); font-family: arial, helvetica, sans-serif;\">\u2022 Wir \u00fcbernehmen Verantwortung f\u00fcr den Erfolg unserer Kunden und tun alles diesen&nbsp;sicherzustellen.<\/span><\/p><\/div> <\/div><\/div> <\/div> <div  class=\"col-xs-12 col-sm-6\"> <div  class=\"card row-card bottom-border-color2\"> <div  class=\"row\"> <div  class=\"col-sm-fit icon-column\" data-preview-empty=\"1\">  <\/div> <div  class=\"col-sm\" data-type=\"column\"> <h5  class=\"color2\"><span  style=\"color: rgb(30, 115, 190); font-family: &quot;Open Sans&quot;, arial, helvetica, sans-serif;\">Integrit\u00e4t, Compliance und Wahrheitsliebe<\/span><\/h5> <p  class=\"\"><span  style=\"color: rgb(30, 115, 190);\">\u2022 Wir achten immer auf eine gutgesinnte, konstruktive Zusammenarbeit.<br >\u2022 Wir reden nie schlecht \u00fcber Kunden, Kollegen oder die Firma.<\/span><br ><span  style=\"color: rgb(30, 115, 190);\">\n\u2022 Wir halten uns vorbildlich an das Gesetz.\n<br >\u2022 Im Zweifelsfall, mit vollster Transparenz.<\/span><br ><span  style=\"color: rgb(30, 115, 190);\">\n\u2022 F\u00fcr Fehler stehen wir ein und korrigieren das.\n<br >\u2022 Wir beugen nicht das Gesetz, Recht, Beziehungen oder Vertrauen.<\/span><\/p><\/div> <\/div><\/div> <\/div> <div  class=\"col-xs-12 col-sm-6\"> <div  class=\"card row-card bottom-border-color2\"> <div  class=\"row\"> <div  class=\"col-sm-fit icon-column\" data-preview-empty=\"1\">  <\/div> <div  class=\"col-sm\" data-type=\"column\"> <h5  class=\"color2\"><span  style=\"font-family: &quot;Open Sans&quot;, arial, helvetica, sans-serif; color: rgb(30, 115, 190); font-weight: 800;\">Leistungsorientierung<\/span><\/h5> <p  class=\"\"><span  style=\"font-family: arial, helvetica, sans-serif; color: rgb(30, 115, 190);\">\u2022 Wir sind leistungs- und zukunftsorientiert.<\/span><br ><span  style=\"font-family: arial, helvetica, sans-serif; color: rgb(30, 115, 190);\">\u2022 Wir sind strikt kostenbewusst, damit wir nachhaltig wirtschaften k\u00f6nnen. Auf teuren Schnickschnack verzichten wir bewusst.<\/span><br ><span  style=\"font-family: arial, helvetica, sans-serif; color: rgb(30, 115, 190);\">\n\u2022 Gute L\u00f6sungen m\u00fcssen nicht teuer sein.<\/span><\/p><\/div> <\/div><\/div> <\/div> <div  class=\"col-xs-12 col-sm-6\"> <div  class=\"card row-card bottom-border-color2\"> <div  class=\"row\"> <div  class=\"col-sm-fit icon-column\" data-preview-empty=\"1\">  <\/div> <div  class=\"col-sm\" data-type=\"column\"> <h5  class=\"color2\"><span  style=\"font-family: &quot;Open Sans&quot;, arial, helvetica, sans-serif; color: rgb(30, 115, 190);\">Loyalit\u00e4t<\/span><\/h5> <p  class=\"\"><span  style=\"font-family: arial, helvetica, sans-serif; color: rgb(30, 115, 190);\">\u2022 Wir distanzieren uns von Regierungen unsicherer Staaten und jedem der weder mittelbar oder umittelbar jenen Nahe steht. \n<br >\u2022 Unsere Loyalit\u00e4t gilt ausschlie\u00dflich der EU und Deutschland.<\/span><\/p><\/div> <\/div><\/div> <\/div><\/div> <\/div><\/div><div  data-label=\"Content\" data-id=\"content--3\" data-export-id=\"content-8\" data-category=\"content\" class=\"content-8 content-section content-section-spacing\" id=\"content-3\" style=\"background-color: rgb(236, 245, 248); background-image: none;\"><div  class=\"gridContainer\"> <div  class=\"row middle-sm\"><div  class=\"col-sm-6 space-bottom-xs space-top-xs\" data-type=\"column\"> <img  decoding=\"async\" class=\"shadow-large\" src=\"https:\/\/bay-sec.de\/dach\/wp-content\/uploads\/sites\/13\/2021\/10\/cropped-cropped-cybersecurity-5642004-scaled-2.jpg\" title=\"cropped-cropped-cybersecurity-5642004-scaled-2.jpg\" alt=\"\"><\/div> <div  class=\"col-sm-6\" data-type=\"column\"><h2  class=\"\"><span  style=\"color: rgb(30, 115, 190);\">BaySec<\/span><\/h2>  <h3  class=\"\"><span  style=\"color: rgb(30, 115, 190);\">Ein Public Money = Public Code Unternehmen<\/span><\/h3><p  class=\"\"><span  style=\"color: rgb(30, 115, 190);\">2022 gr\u00fcnderte Ben. Nitzinger die Botiguard GmbH. Im Jahr 2023 entwickelten wir uns weiter und firmierten zur BaySec \u2013 Bayerische Gesellschaft f\u00fcr Cybersicherheit mbH.<\/span><\/p><p  class=\"\"><span  style=\"color: rgb(30, 115, 190);\">Beauftragt uns die \u00f6ffentliche Hand, stellen wir die Ergebnisse im Anschluss als Public Code License v1 allen anderen deutschen Beh\u00f6rden kostenlos bereit. So wird Cybersicherheit f\u00fcr den Staat g\u00fcnstig und dennoch passend. Dies ist geschehen im Projekt \u201cBotiguard\u201d oder beim \u201cWatzmann-Spiel\u201d.<\/span><\/p><h3  class=\"\"><span  style=\"color: rgb(30, 115, 190);\">Die junge BaySec ist Ihr Vorteil<\/span><\/h3><p  class=\"\"><span  style=\"color: rgb(30, 115, 190);\">Dass BaySec ein noch junges Unternehmen ist, verstehen wir nicht als Schw\u00e4che, sondern als St\u00e4rke. Viele <span  style=\"text-decoration: underline;\">etablierte Anbieter<\/span> <span  style=\"text-decoration: underline;\">verlangen<\/span> f\u00fcr ihren Namen und ihr langj\u00e4hrig aufgebautes Vertrauen <span  style=\"text-decoration: underline;\">hohe Preise.<\/span> Dabei wird oft \u00fcbersehen, dass es auch anders geht: qualitativ hochwertig, fair beraten und wirtschaftlich sinnvoll.<br >\nGerade als junges Unternehmen m\u00fcssen wir durch echte Leistung \u00fcberzeugen. Deshalb setzen wir auf fachliche Substanz, transparente und faire Beratung sowie L\u00f6sungen, die nicht nur modern, sondern auch pragmatisch und sinnvoll sind.<\/span><\/p><\/div> <\/div><\/div> <\/div><div  data-label=\"Content\" data-id=\"content--1\" data-export-id=\"content-7\" data-category=\"content\" class=\"content-7 content-section content-section-spacing\" id=\"content-1\" style=\"background-color: rgb(236, 245, 248); background-image: none;\" data-section-ov=\"1\"><div  class=\"gridContainer\"> <div  class=\"row middle-sm\"><div  class=\"col-sm-6 space-bottom-xs\" data-type=\"column\"> <h2  class=\"\"><span  style=\"color: rgb(30, 115, 190);\">Benjamin Nitzinger aus 83454 Anger<\/span><\/h2> <p  class=\"\"><span  style=\"color: rgb(30, 115, 190);\">Meine F\u00fcrsorge und Liebe gilt unserem Staat Bayern und Deutschland. Insgesamt habe ich 17 Jahre Berufserfahrung, ohne Ausbildungszeiten. Sie profitieren von einer sehr hohen Expertise auf Spitzenniveau.<\/span><\/p><h3  class=\"\"><span  style=\"color: rgb(30, 115, 190);\">Akademische Ausbildung<\/span><\/h3><p  class=\"\"><span  style=\"color: rgb(30, 115, 190);\">\u2023 Diplom-Wirtschaftsinformatiker (FH) an der Hochschule Wismar<\/span><br ><span  style=\"color: rgb(30, 115, 190);\">\n\u2023 Master of Sc. Advanced Security and Digital Forensics (Edinburgh Napier Uni.), Schottland<\/span><\/p><h3  class=\"\"><span  style=\"color: rgb(30, 115, 190);\">Qualifikationen und Eignungen<\/span><\/h3><p  class=\"\"><span  style=\"color: rgb(30, 115, 190);\">\u2023 Datenschutzauditor (T\u00dcV)\n<br >\u2023 Datenschutzbeauftragter (T\u00dcV) gem\u00e4\u00df DSGVO und BDSG-neu<br >\u2023 Informationssicherheitsbeauftragter nach ISO 27001 (T\u00dcV Saarland Zertifikat)<\/span><br ><span  style=\"color: rgb(30, 115, 190);\">\n\u2023 Zus\u00e4tzliche Pr\u00fcfverfahrenskompetenz f\u00fcr \u00a7 8a (3) BSIG (T\u00dcV S\u00dcD Zertifikat)<\/span><br ><span  style=\"color: rgb(30, 115, 190);\">\n\u2023 IT-Grundschutz Praktiker (T\u00dcV Nord Zertifikat) gem\u00e4\u00df BSI IT-Grundschutz 200-x<\/span><br ><span  style=\"color: rgb(30, 115, 190);\">\u2023 IEC\/ISO 27001:2022 Lead Auditor (T\u00dcV S\u00dcD South Asia, CQI &amp; IRCA)<\/span><br ><span  style=\"color: rgb(30, 115, 190);\">\u2023 ISTQB Certified Tester, Advanced Level, Test Manager<\/span><br ><span  style=\"color: rgb(30, 115, 190);\">\n\u2023 ISTQB Certified Tester, Advanced Level, Test Analyst<\/span><br ><span  style=\"color: rgb(30, 115, 190);\">\n\u2023 ISTQB Certified Tester (CTFL)<\/span><\/p> <h3  class=\"\"><font  color=\"#1e73be\">Ehrenamt und gesellschaftlicher Beitrag<\/font><\/h3><p  class=\"\"><span  style=\"color: rgb(30, 115, 190);\">Ich war \u00fcber viele Jahre ehrenamtlich in einem Ortsverein des <span  style=\"text-decoration: underline;\">Deutschen Kinderschutzbundes<\/span> (DKSB) t\u00e4tig. Dort unterst\u00fctzte ich Kinder aus schwierigen famili\u00e4ren und sozialen Verh\u00e4ltnissen, unter anderem im Rahmen des begleiteten Umgangs, etwa bei Belastungen durch <span  style=\"text-decoration: underline;\">Drogenkonsum<\/span> oder <span  style=\"text-decoration: underline;\">Missbrauch<\/span> im famili\u00e4ren Umfeld.<br >\nDar\u00fcber hinaus gab ich <span  style=\"text-decoration: underline;\">ehrenamtlich Nachhilfe<\/span> f\u00fcr Grund- und Hauptsch\u00fcler. Dazu geh\u00f6rte auch ein ehrenamtliches <span  style=\"text-decoration: underline;\">Sch\u00fclercoaching<\/span> an einem Gymnasium im Berchtesgadener Land.<br >\nAu\u00dferdem engagierte ich mich \u00fcber viele Jahre f\u00fcr eine <span  style=\"text-decoration: underline;\">internationale Kinderhilfsorganisation<\/span>. Dort f\u00fchrte ich Vor-Ort-Inspektionen sowie sogenannte interne Kontrollen zur <span  style=\"text-decoration: underline;\">Korruptionspr\u00e4vention<\/span> durch. Ziel war es, sicherzustellen, dass das Kindeswohl gewahrt bleibt und Hilfsgelder tats\u00e4chlich dort ankommen, wo sie ben\u00f6tigt werden. In diesem Zusammenhang konnte ich mehrere Missst\u00e4nde aufdecken und einzelne F\u00e4lle weiterverfolgen.<\/span><\/p><\/div> <div  class=\"col-sm-6\" data-type=\"column\"> <img  decoding=\"async\" class=\"shadow-large\" src=\"https:\/\/bay-sec.de\/dach\/wp-content\/uploads\/sites\/13\/2024\/06\/SalkoKorac_GF.png\" title=\"SalkoKorac_GF\" alt=\"\"><\/div> <\/div><\/div> <\/div><div  data-label=\"Content\" data-id=\"content--2\" data-export-id=\"content-12\" data-category=\"content\" class=\"content-12 content-section content-section-spacing\" id=\"content-2\" style=\"background-color: rgb(236, 245, 248); background-image: none;\"><div  class=\"gridContainer\"> <div  class=\"row text-center\"><div  class=\"section-title-col\" data-type=\"column\"> <h2  class=\"\"><span  style=\"color: rgb(30, 115, 190);\"><span  style=\"color: rgb(16, 145, 4);\">Compliance:<\/span>&nbsp;Anonyme Meldem\u00f6glichkeit<\/span><\/h2> <p  class=\"lead\" style=\"text-align: center;\"><span  style=\"color: rgb(30, 115, 190);\">Integrit\u00e4t und Gesetzestreue haben bei BaySec einen hohen Stellenwert. Deshalb dulden wir kein Fehlverhalten.<br >\nWenn Sie Hinweise auf m\u00f6gliche Verst\u00f6\u00dfe geben m\u00f6chten, k\u00f6nnen Sie uns unter compliance@bay-sec.de<br >\n kontaktieren \u2014 auch anonym. Wir best\u00e4tigen den Eingang Ihrer Meldung und nehmen bei Bedarf Kontakt mit Ihnen auf.&nbsp;Damit wir den Vorgang angemessen pr\u00fcfen k\u00f6nnen, bitten wir Sie, den Sachverhalt m\u00f6glichst konkret zu beschreiben.&nbsp;Bitte verwenden Sie diesen Meldeweg verantwortungsvoll. Missbr\u00e4uchliche Hinweise oder bewusst falsche Verd\u00e4chtigungen sind nicht akzeptabel. Grunds\u00e4tzlich werden wir nicht versuchen, anonyme Hinweise zur\u00fcckzuverfolgen. Eine Ausnahme besteht lediglich dann, wenn die Nachricht selbst einen strafbaren Inhalt aufweist.&nbsp;Wenn Sie anonym bleiben m\u00f6chten, sorgen Sie bitte eigenverantwortlich daf\u00fcr, dass Ihre E-Mail keine R\u00fcckschl\u00fcsse auf Ihre Identit\u00e4t zul\u00e4sst. Auch tempor\u00e4re E-Mail-Adressen k\u00f6nnen verwendet werden; in diesem Fall ist eine weitere Kommunikation jedoch m\u00f6glicherweise nicht m\u00f6glich.<\/span><\/p><\/div> <\/div> <div  class=\"row center-xs middle-xs\"> <div  class=\"col-sm-9\" data-type=\"column\"> <\/div> <\/div><\/div> <\/div>","protected":false},"excerpt":{"rendered":"<p>Vision f\u00fcr Jahr 2045 \u201cWir sind das europaweit vertrauensvollste und beste Sicherheits-Unternehmen \u2013 und eine Referenz. Wir widmen unsere Arbeit in erster Linie der EU und den einzelnen L\u00e4ndern. Unseren Mitarbeitern bieten wir abwechslungsreiche Aufgaben, einen tieferen Sinn und Absicherung. Unsere Angebote werden von vielen mit hohem Vertrauen genutzt: Staatliche Einrichtungen; privatwirtschaftliche Unternehmen; Partner-Firmen, die&hellip; <br \/> <a class=\"read-more\" href=\"https:\/\/bay-sec.de\/dach\/unternehmen\/\">Read more<\/a><\/p>\n","protected":false},"author":1,"featured_media":0,"parent":0,"menu_order":0,"comment_status":"closed","ping_status":"closed","template":"pro\/page-templates\/full-width-page.php","meta":{"footnotes":""},"class_list":["post-7598","page","type-page","status-publish","hentry"],"_links":{"self":[{"href":"https:\/\/bay-sec.de\/dach\/wp-json\/wp\/v2\/pages\/7598","targetHints":{"allow":["GET"]}}],"collection":[{"href":"https:\/\/bay-sec.de\/dach\/wp-json\/wp\/v2\/pages"}],"about":[{"href":"https:\/\/bay-sec.de\/dach\/wp-json\/wp\/v2\/types\/page"}],"author":[{"embeddable":true,"href":"https:\/\/bay-sec.de\/dach\/wp-json\/wp\/v2\/users\/1"}],"replies":[{"embeddable":true,"href":"https:\/\/bay-sec.de\/dach\/wp-json\/wp\/v2\/comments?post=7598"}],"version-history":[{"count":92,"href":"https:\/\/bay-sec.de\/dach\/wp-json\/wp\/v2\/pages\/7598\/revisions"}],"predecessor-version":[{"id":7857,"href":"https:\/\/bay-sec.de\/dach\/wp-json\/wp\/v2\/pages\/7598\/revisions\/7857"}],"wp:attachment":[{"href":"https:\/\/bay-sec.de\/dach\/wp-json\/wp\/v2\/media?parent=7598"}],"curies":[{"name":"wp","href":"https:\/\/api.w.org\/{rel}","templated":true}]}}